{"id":6,"date":"2012-09-04T11:53:48","date_gmt":"2012-09-04T09:53:48","guid":{"rendered":"http:\/\/www.justine-giolbas.de\/?page_id=6"},"modified":"2020-11-19T15:25:17","modified_gmt":"2020-11-19T13:25:17","slug":"start","status":"publish","type":"page","link":"https:\/\/www.justine-giolbas.de\/","title":{"rendered":"Start"},"content":{"rendered":"<p>&nbsp;<\/p>\n<blockquote><p>Lassen Sie sich von der Welt der Pferde und ihrer Kommunikation mit dem Menschen \u00fcberzeugen. Erleben und f\u00fchlen Sie selbst, wie die tiefe Bindung zwischen Mensch und Pferd wirkt und welche neuen Aspekte diese f\u00fcr Sie bereit h\u00e4lt. Sie haben Fragen und auch viele Antworten bekommen, aber keine hat Sie wirklich weitergebracht? Dann wird es Zeit, dass wir uns kennenlernen!<\/p><\/blockquote>\n","protected":false},"excerpt":{"rendered":"<p>&nbsp; Lassen Sie sich von der Welt der Pferde und ihrer Kommunikation mit dem Menschen \u00fcberzeugen. Erleben und f\u00fchlen Sie selbst, wie die tiefe Bindung zwischen Mensch und Pferd wirkt und welche neuen Aspekte diese f\u00fcr Sie bereit h\u00e4lt. Sie haben Fragen und auch viele Antworten bekommen, aber keine hat Sie wirklich weitergebracht? Dann wird es Zeit, dass wir uns kennenlernen!<\/p>\n","protected":false},"author":1,"featured_media":0,"parent":0,"menu_order":0,"comment_status":"closed","ping_status":"open","template":"template-fullwidth.php","meta":{"footnotes":""},"class_list":["post-6","page","type-page","status-publish","hentry"],"_links":{"self":[{"href":"https:\/\/www.justine-giolbas.de\/index.php?rest_route=\/wp\/v2\/pages\/6","targetHints":{"allow":["GET"]}}],"collection":[{"href":"https:\/\/www.justine-giolbas.de\/index.php?rest_route=\/wp\/v2\/pages"}],"about":[{"href":"https:\/\/www.justine-giolbas.de\/index.php?rest_route=\/wp\/v2\/types\/page"}],"author":[{"embeddable":true,"href":"https:\/\/www.justine-giolbas.de\/index.php?rest_route=\/wp\/v2\/users\/1"}],"replies":[{"embeddable":true,"href":"https:\/\/www.justine-giolbas.de\/index.php?rest_route=%2Fwp%2Fv2%2Fcomments&post=6"}],"version-history":[{"count":20,"href":"https:\/\/www.justine-giolbas.de\/index.php?rest_route=\/wp\/v2\/pages\/6\/revisions"}],"predecessor-version":[{"id":301,"href":"https:\/\/www.justine-giolbas.de\/index.php?rest_route=\/wp\/v2\/pages\/6\/revisions\/301"}],"wp:attachment":[{"href":"https:\/\/www.justine-giolbas.de\/index.php?rest_route=%2Fwp%2Fv2%2Fmedia&parent=6"}],"curies":[{"name":"wp","href":"https:\/\/api.w.org\/{rel}","templated":true}]}}