{"id":42,"date":"2012-09-04T13:41:46","date_gmt":"2012-09-04T11:41:46","guid":{"rendered":"http:\/\/www.justine-giolbas.de\/?page_id=42"},"modified":"2013-12-19T17:26:23","modified_gmt":"2013-12-19T15:26:23","slug":"agb","status":"publish","type":"page","link":"https:\/\/www.justine-giolbas.de\/?page_id=42","title":{"rendered":"AGB"},"content":{"rendered":"<h2>Allgemeine Gesch\u00e4ftsbedingungen<\/h2>\n<p>Allgemeine Gesch\u00e4ftsbedingungen f\u00fcr die einzelnen Seminare, Pferdetraining und Veranstaltungen.\u2028 Die Allgemeinen Gesch\u00e4ftsbedingungen sind Vertragsbestandteil zwischen Justine Giolbas und dem\/der Leistungsempf\u00e4nger\/in. Bitte lesen Sie diese genau durch, um Unklarheiten zu vermeiden. F\u00fcr Informationen stehen wir Ihnen gern zur Verf\u00fcgung.<\/p>\n<p><strong>\u00a7 1 Leistungsbeschreibung\u2028<\/strong><br \/>\nWelche Leistung vertraglich zwischen Justine Giolbas und dem\/der Leistungsempf\u00e4nger\/in vereinbart sind, ergibt sich aus den Leistungsbeschreibungen auf der Homepage von Justine Giolbas oder in den hierauf Bezug nehmenden Angaben in den einzelnen Ausschreibungen zu den verschiedenen Veranstaltungen. Die in den Ausschreibungen enthaltenen Angaben sind bindend. Justine Giolbas beh\u00e4lt sich jedoch ausdr\u00fccklich vor, aus sachlich berechtigten Gr\u00fcnden zumutbare Ver\u00e4nderungen und Abweichungen vom Inhalt und Ablauf der Veranstaltung zu erkl\u00e4ren, \u00fcber die der\/die\u00a0 Leistungsempf\u00e4nger\/in auf jeden Fall vor Beginn der Veranstaltung informiert wird. Zudem beh\u00e4lt sich Justine Giolbas vor, auch notwendige kurzfristige und kleinere Ver\u00e4nderungen, sowie zeitliche Verschiebungen bei der Veranstaltung, vorzunehmen. Des weiteren beh\u00e4lt sich Justine Giolbas den Wechsel des Veranstaltungsortes vor, sofern unvorhersehbare Ereignisse ein Durchf\u00fchren der Veranstaltung an diesem Ort beeintr\u00e4chtigen oder unzumutbar machen. Justine Giolbas ist jedoch bem\u00fcht, jede m\u00f6gliche Ver\u00e4nderung im Einvernehmen mit den Teilnehmern vorzunehmen, dem Vertragsziel m\u00f6glichst nahezukommen und garantiert zudem, dass der Umfang der beschriebenen Leistungen erhalten bleibt.<\/p>\n<p><strong>\u00a7 2 Abschluss des Vertrages (Anmeldung)\u2028<\/strong><br \/>\nMit dem Eingang einer schriftlichen Anmeldung bei Justine Giolbas per Anmeldeformular, Email, Brief oder Fax kommt der Vertrag zwischen Justine und dem\/ der Leistungsempf\u00e4nger\/ in verbindlich zustande. Der\/ die Leistungsempf\u00e4nger\/ in erh\u00e4lt von Justine Giolbas eine Anmeldebest\u00e4tigung, sowie diese AGB. Justine Giolbas verpflichtet sich, alle Angaben in der Anmeldung strikt vertraulich zu behandeln, insbesondere die Angaben nicht an Dritte weiter zu geben.<\/p>\n<p><strong>\u00a7 3 Bezahlung\u2028<\/strong><br \/>\nDie Geb\u00fchren f\u00fcr die Teilnahme an der jeweiligen Veranstaltung von Justine Giolbas sind auf der Homepage von Justine Giolbas aufgef\u00fchrt. Innerhalb von 7 Tagen nach Eingang der Anmeldebest\u00e4tigung\/ Rechnung ist eine Anzahlung von 50 % der Gesamtgeb\u00fchr pro Person zu leisten. Diese Zahlung wird auf die Gesamtgeb\u00fchr angerechnet. Die vollst\u00e4ndige Gesamtgeb\u00fchr muss sp\u00e4testens 7 Tage vor Beginn der jeweiligen Veranstaltung ohne nochmalige Zahlungsaufforderung durch Justine Giolbas eingegangen sein, wenn nicht schriftlich eine abweichende individuelle Vereinbarung getroffen wurde.\u2028 Bei Zahlungsverzug werden ohne weitere Zahlungsaufforderung die gesetzlichen Verzugszinsen erhoben.<\/p>\n<p><strong>\u00a7 4 R\u00fccktritt durch den\/ die Teilnehmer\/ in\u2028<\/strong><br \/>\nDer\/ die Leistungsempf\u00e4nger\/ in kann vom Vertrag ohne Angabe von Gr\u00fcnden zur\u00fccktreten. Der R\u00fccktritt hat schriftlich zu erfolgen. Ma\u00dfgeblich f\u00fcr den Zeitpunkt des R\u00fccktritts ist der Zeitpunkt des Eingangs beim Veranstalter. Justine Giolbas kann ohne weiteren Nachweis pauschalen Schadens- und Aufwendungsersatz f\u00fcr die getroffenen Vorkehrungen, f\u00fcr die durch den R\u00fccktritt erfolgenden Ma\u00dfnahmen und f\u00fcr den entgangenen Gewinn verlangen. Die Stornierungskosten betragen:\u2028 bei allen Leistungsempf\u00e4ngern bis 7 Tagen vor Beginn der Veranstaltung: 50 % des Entgelts f\u00fcr die Veranstaltung. Ab 6 Tagen vor Beginn der Veranstaltung, sowie bei Abbruch der Veranstaltung, erfolgt keine R\u00fcckerstattung.\u2028 Der\/ die Leistungsempf\u00e4nger\/ in kann bei Nichtteilnahme eine\/ n Ersatzteilnehmer\/ in stellen. Tritt ein Dritter in den Vertrag ein, so haften der\/ die Leistungsempf\u00e4nger\/ in und der Dritte als Gesamtschuldner f\u00fcr den Veranstaltungspreis und f\u00fcr die durch den Eintritt des Dritten entstandenen Mehrkosten. Justine Giolbas kann dem Wechsel der Person der\/ des Leistungsempf\u00e4nger\/ in widersprechen, wenn der Dritte den besonderen Erfordernissen nicht gen\u00fcgt oder gesetzliche Vorschriften oder beh\u00f6rdliche Anordnungen entgegenstehen. Der Antrag f\u00fcr die Teilnahme eines\/ einer Ersatzteilnehmers\/ in muss schriftlich erfolgen.<\/p>\n<p><strong>\u00a7 5 R\u00fccktritt durch Justine Giolbas\u2028<\/strong><br \/>\nJustine Giolbas kann vom Vertrag zur\u00fccktreten:<br \/>\n\u2013 ohne Einhaltung einer Frist und unter Berechnung der Stornierungskosten gem. \u00a7 4 dieser AGB, wenn sich der\/ die Leistungsempf\u00e4nger\/ in vertragswidrig verh\u00e4lt, insbesondere das Ziel einer Veranstaltung oder andere Leistungsempf\u00e4nger\/ innen gef\u00e4hrdet werden.<br \/>\n\u2013 wenn davon ausgegangen werden muss, dass der\/ die Leistungsempf\u00e4nger\/ in das Ausbildungsziel nicht erreichen wird. Weitergehende Anspr\u00fcche entstehen nicht. Weitergehende Anspr\u00fcche entstehen nicht.<br \/>\n\u2013 bis zwei Wochen vor einer Einzelveranstaltung (Lehrgang, Seminar, Pferdetraining), wenn die angegebene Mindestteilnehmerzahl nicht erreicht wurde.<br \/>\n\u2013 bei Ausfall des Kursleiters\/ der Kursleiterin oder bei sonstigen unvorhersehbaren Ereignissen, die ein Durchf\u00fchren der Veranstaltung unzumutbar erschweren.<br \/>\n\u2013 In den beiden letzten F\u00e4llen wird schnellstm\u00f6glich nach einem Ersatztermin f\u00fcr die Veranstaltung gesucht.<\/p>\n<p><strong>\u00a7 6 Haftung durch Justine Giolbas\u2028<\/strong><br \/>\nDie Veranstaltungen von Justine Giolbas beinhalten teilweise den Umgang mit Pferden. Der\/ Die Leistungsempf\u00e4nger\/ in wird hiermit ausdr\u00fccklich darauf hingewiesen, dass bei dem Umgang mit Pferden ein erh\u00f6htes Risiko in Form eines deutlich erh\u00f6hten Verletzungs- und Schadensrisiko besteht. Der\/ Die Leistungsempf\u00e4nger\/ in erkl\u00e4rt durch seine\/ ihre Unterschrift, dass er\/ sie an Veranstaltungen von Justine Giolbas auf eigene Gefahr teilnimmt. Dasselbe gilt f\u00fcr die Teilnahme mit einem eigenen Pferd, die Teilnahme des eigenen Pferdes an einer Veranstaltung von Justine Giolbas. Die Haftung von Justine Giolbas durch vors\u00e4tzliche Sch\u00e4digung und grobe Fahrl\u00e4ssigkeit bleibt davon unber\u00fchrt. Justine Giolbas haftet nicht f\u00fcr Sch\u00e4den, die von Dritten und\/ oder deren Tieren herbeigef\u00fchrt werden.<\/p>\n<p><strong>\u00a7 7 Mitwirkungspflicht\u2028<\/strong><br \/>\nDer\/ die Leistungsempf\u00e4nger\/ in ist verpflichtet, bei Leistungsst\u00f6rungen Sch\u00e4den zu vermeiden oder gering zu halten. Beanstandungen haben unverz\u00fcglich gegen\u00fcber dem Veranstalter zu erfolgen, andernfalls sind jedwede Anspr\u00fcche ausgeschlossen.<\/p>\n<p><strong>\u00a7 8 Ausr\u00fcstung, Bekleidung, Schutzhelm\u2028<\/strong><br \/>\nJustine Giolbas stellt keine Bekleidung oder Ausr\u00fcstung zur Verf\u00fcgung. Der Teilnehmer ist gehalten die im Reitsport \u00fcbliche Bekleidung selbst mitzubringen. Jeder Teilnehmer hat w\u00e4hrend des Umgangs mit dem Pferd einen Schutzhelm zu tragen.<\/p>\n<p><strong>\u00a7 9 Teilnahmebescheinigung\u2028<\/strong><br \/>\nF\u00fcr die Teilnahme an einem Seminar wird auf Wunsch des Seminarteilnehmers eine Teilnahmebest\u00e4tigung ausgestellt.<\/p>\n<p><strong>\u00a7 10 Gew\u00e4hrleistung\u2028<\/strong><br \/>\nJustine Giolbas weist darauf hin, dass Gew\u00e4hrleistungsanspr\u00fcche nur geltend gemacht werden k\u00f6nnen, soweit der\/ die Leistungsempf\u00e4nger\/ in es nicht schuldhaft unterlassen hat, Justine Giolbas einen aufgetretenen Mangel anzuzeigen. Wird die Leistung infolge eines Mangels erheblich beeintr\u00e4chtigt, so ist der\/ die Leistungsempf\u00e4nger\/ in zur K\u00fcndigung des Vertrages berechtigt. Die K\u00fcndigung ist jedoch erst zul\u00e4ssig, wenn der\/ die Leistungsempf\u00e4nger\/ in Justine Giolbas eine angemessene Frist zur Abhilfeleistung gesetzt hat, wenn die Abhilfe nicht m\u00f6glich ist oder diese von Justine Giolbas verweigert wird oder wenn die sofortige K\u00fcndigung des Vertrages durch ein besonderes Interesse gerechtfertigt wird. Im \u00dcbrigen gelten die gesetzlichen Gew\u00e4hrleistungsbestimmungen.<\/p>\n<p><strong>\u00a7 11 Verj\u00e4hrung von Anspr\u00fcchen\u2028<\/strong><br \/>\nAnspr\u00fcche verj\u00e4hren nach den gesetzlichen Bestimmungen.<\/p>\n<p><strong>\u00a7 12 Unwirksamkeit einzelner Bestimmungen\u2028<\/strong><br \/>\nDie Unwirksamkeit einzelner Bestimmungen hat nicht die Unwirksamkeit des gesamten Vertrages zur Folge.<\/p>\n<p><strong>\u00a7 13 Vorbehalt von Berichtigungen\u2028<\/strong><br \/>\nDie Berichtigung von Irrt\u00fcmern sowie von Druck- und Rechenfehlern bleibt vorbehalten.<\/p>\n","protected":false},"excerpt":{"rendered":"<p>Allgemeine Gesch\u00e4ftsbedingungen Allgemeine Gesch\u00e4ftsbedingungen f\u00fcr die einzelnen Seminare, Pferdetraining und Veranstaltungen.\u2028 Die Allgemeinen Gesch\u00e4ftsbedingungen sind Vertragsbestandteil zwischen Justine Giolbas und dem\/der Leistungsempf\u00e4nger\/in. Bitte lesen Sie diese genau durch, um Unklarheiten zu vermeiden. F\u00fcr Informationen stehen wir Ihnen gern zur Verf\u00fcgung. \u00a7 1 Leistungsbeschreibung\u2028 Welche Leistung vertraglich zwischen Justine Giolbas und dem\/der Leistungsempf\u00e4nger\/in vereinbart sind, ergibt sich aus den Leistungsbeschreibungen auf der Homepage von Justine Giolbas oder in den hierauf Bezug nehmenden Angaben in den einzelnen Ausschreibungen zu den verschiedenen Veranstaltungen. Die in den Ausschreibungen enthaltenen Angaben sind bindend. Justine Giolbas beh\u00e4lt sich jedoch ausdr\u00fccklich vor, aus sachlich berechtigten Gr\u00fcnden zumutbare [&hellip;]<\/p>\n","protected":false},"author":1,"featured_media":0,"parent":0,"menu_order":0,"comment_status":"closed","ping_status":"open","template":"template-fullwidth.php","meta":{"footnotes":""},"class_list":["post-42","page","type-page","status-publish","hentry"],"_links":{"self":[{"href":"https:\/\/www.justine-giolbas.de\/index.php?rest_route=\/wp\/v2\/pages\/42","targetHints":{"allow":["GET"]}}],"collection":[{"href":"https:\/\/www.justine-giolbas.de\/index.php?rest_route=\/wp\/v2\/pages"}],"about":[{"href":"https:\/\/www.justine-giolbas.de\/index.php?rest_route=\/wp\/v2\/types\/page"}],"author":[{"embeddable":true,"href":"https:\/\/www.justine-giolbas.de\/index.php?rest_route=\/wp\/v2\/users\/1"}],"replies":[{"embeddable":true,"href":"https:\/\/www.justine-giolbas.de\/index.php?rest_route=%2Fwp%2Fv2%2Fcomments&post=42"}],"version-history":[{"count":5,"href":"https:\/\/www.justine-giolbas.de\/index.php?rest_route=\/wp\/v2\/pages\/42\/revisions"}],"predecessor-version":[{"id":240,"href":"https:\/\/www.justine-giolbas.de\/index.php?rest_route=\/wp\/v2\/pages\/42\/revisions\/240"}],"wp:attachment":[{"href":"https:\/\/www.justine-giolbas.de\/index.php?rest_route=%2Fwp%2Fv2%2Fmedia&parent=42"}],"curies":[{"name":"wp","href":"https:\/\/api.w.org\/{rel}","templated":true}]}}