{"id":40,"date":"2012-09-04T13:41:35","date_gmt":"2012-09-04T11:41:35","guid":{"rendered":"http:\/\/www.justine-giolbas.de\/?page_id=40"},"modified":"2017-10-04T11:26:22","modified_gmt":"2017-10-04T09:26:22","slug":"impressum","status":"publish","type":"page","link":"https:\/\/www.justine-giolbas.de\/?page_id=40","title":{"rendered":"Impressum"},"content":{"rendered":"<p>Justine Giolbas<\/p>\n<p>G\u00e4rtnergasse 8<br \/>\n23820 Pronstorf<\/p>\n<p>0160 \/ 3739790<br \/>\ninfo@justine-giolbas.de<\/p>\n<p>Steuernummer: 30 220 41789<\/p>\n<p>Programmierung\/Screendesign: <a href=\"http:\/\/www.dkmediendesign.de\" target=\"_blank\" rel=\"noopener noreferrer\"><strong>dk mediendesign<\/strong><\/a><\/p>\n<p><img loading=\"lazy\" decoding=\"async\" src=\"https:\/\/www.justine-giolbas.de\/wp-content\/uploads\/2012\/09\/dk-logo-klein-01-e1440419474450.png\" alt=\"dk mediendesign\" class=\"alignnone wp-image-251 size-full\" width=\"200\" height=\"171\" \/><\/p>\n<p>Angabe gem\u00e4\u00df \u00a7 6 Anbieterkennzeichnung des Teledienstgesetzes vom 14.12.2001<\/p>\n<p>Haftungsausschluss:<\/p>\n<p>Alle in den Internetseiten von Justine Giolbas, enthaltenen Angaben und Informationen wurden sorgf\u00e4ltig recherchiert und gepr\u00fcft. F\u00fcr Richtigkeit, Vollst\u00e4ndigkeit und Aktualit\u00e4t \u00fcbernimmt Justine Giolbas jedoch keine Haftung.<\/p>\n<p>Die Internetseite von Justine Giolbas, kann ohne unser Wissen von einer anderen Seite mittels Hyperlink verbunden worden sein. Justine Giolbas, \u00fcbernimmt keine Verantwortung f\u00fcr Darstellung, Inhalt oder irgendeine Verbindung zur Ihrer Person auf Internetseiten Dritter.<\/p>\n","protected":false},"excerpt":{"rendered":"<p>Justine Giolbas G\u00e4rtnergasse 8 23820 Pronstorf 0160 \/ 3739790 info@justine-giolbas.de Steuernummer: 30 220 41789 Programmierung\/Screendesign: dk mediendesign Angabe gem\u00e4\u00df \u00a7 6 Anbieterkennzeichnung des Teledienstgesetzes vom 14.12.2001 Haftungsausschluss: Alle in den Internetseiten von Justine Giolbas, enthaltenen Angaben und Informationen wurden sorgf\u00e4ltig recherchiert und gepr\u00fcft. F\u00fcr Richtigkeit, Vollst\u00e4ndigkeit und Aktualit\u00e4t \u00fcbernimmt Justine Giolbas jedoch keine Haftung. Die Internetseite von Justine Giolbas, kann ohne unser Wissen von einer anderen Seite mittels Hyperlink verbunden worden sein. Justine Giolbas, \u00fcbernimmt keine Verantwortung f\u00fcr Darstellung, Inhalt oder irgendeine Verbindung zur Ihrer Person auf Internetseiten Dritter.<\/p>\n","protected":false},"author":1,"featured_media":0,"parent":0,"menu_order":0,"comment_status":"closed","ping_status":"open","template":"template-fullwidth.php","meta":{"footnotes":""},"class_list":["post-40","page","type-page","status-publish","hentry"],"_links":{"self":[{"href":"https:\/\/www.justine-giolbas.de\/index.php?rest_route=\/wp\/v2\/pages\/40","targetHints":{"allow":["GET"]}}],"collection":[{"href":"https:\/\/www.justine-giolbas.de\/index.php?rest_route=\/wp\/v2\/pages"}],"about":[{"href":"https:\/\/www.justine-giolbas.de\/index.php?rest_route=\/wp\/v2\/types\/page"}],"author":[{"embeddable":true,"href":"https:\/\/www.justine-giolbas.de\/index.php?rest_route=\/wp\/v2\/users\/1"}],"replies":[{"embeddable":true,"href":"https:\/\/www.justine-giolbas.de\/index.php?rest_route=%2Fwp%2Fv2%2Fcomments&post=40"}],"version-history":[{"count":9,"href":"https:\/\/www.justine-giolbas.de\/index.php?rest_route=\/wp\/v2\/pages\/40\/revisions"}],"predecessor-version":[{"id":284,"href":"https:\/\/www.justine-giolbas.de\/index.php?rest_route=\/wp\/v2\/pages\/40\/revisions\/284"}],"wp:attachment":[{"href":"https:\/\/www.justine-giolbas.de\/index.php?rest_route=%2Fwp%2Fv2%2Fmedia&parent=40"}],"curies":[{"name":"wp","href":"https:\/\/api.w.org\/{rel}","templated":true}]}}