{"id":16,"date":"2012-09-04T11:54:59","date_gmt":"2012-09-04T09:54:59","guid":{"rendered":"http:\/\/www.justine-giolbas.de\/?page_id=16"},"modified":"2016-11-01T12:48:01","modified_gmt":"2016-11-01T10:48:01","slug":"seminare","status":"publish","type":"page","link":"https:\/\/www.justine-giolbas.de\/?page_id=16","title":{"rendered":"Seminare"},"content":{"rendered":"<div class=\"one-half\">\n<p>Sie m\u00f6chten lernen, wie man ein Pferd artgerecht ausbildet? Sie m\u00f6chten die interspezifische Kommunikation, also die Kommunikation der Pferde zum Menschen, sehen und verstehen lernen?<\/p>\n<p>Ich gebe Ihnen die M\u00f6glichkeit, in die Welt Ihres Pferdes einzutauchen und zu verstehen, warum Ihr Pferd sich verh\u00e4lt, wie es sich verh\u00e4lt. Ich zeige Ihnen Wege auf, die die Verbindung zwischen Ihnen und Ihrem Pferd st\u00e4rken!<\/p>\n<p>Es gibt verschiedene Seminarangebote, damit Sie die M\u00f6glichkeit haben, Ihren individuellen Bed\u00fcrfnissen entsprechend ein Seminar zu w\u00e4hlen, welches Ihnen und Ihrem Pferd am n\u00e4chsten kommt.<\/p>\n<p>Bei den Seminaren wird gro\u00dfen Wert auf wissenschaftlich fundierte Theorie gelegt, welche dann sinnvoll in die Praxis umgesetzt wird. Ein junges und erfahrenes Team steht Ihnen dabei zur Seite.<\/p>\n<\/div>\n<div class=\"one-half column-last\">\n<p><!--BEGIN .accordion --><\/p>\n<div class=\"accordion\">\n<p><a href=\"#\" class=\"trigger current\">Zur Zeit keine Seminare geplant<\/a><\/p>\n<div class=\"pane current\"><\/div>\n<\/div>\n<p><!--END .accordion --><\/p>\n<\/div>\n","protected":false},"excerpt":{"rendered":"<p>Sie m\u00f6chten lernen, wie man ein Pferd artgerecht ausbildet? Sie m\u00f6chten die interspezifische Kommunikation, also die Kommunikation der Pferde zum Menschen, sehen und verstehen lernen? Ich gebe Ihnen die M\u00f6glichkeit, in die Welt Ihres Pferdes einzutauchen und zu verstehen, warum Ihr Pferd sich verh\u00e4lt, wie es sich verh\u00e4lt. Ich zeige Ihnen Wege auf, die die Verbindung zwischen Ihnen und Ihrem Pferd st\u00e4rken! Es gibt verschiedene Seminarangebote, damit Sie die M\u00f6glichkeit haben, Ihren individuellen Bed\u00fcrfnissen entsprechend ein Seminar zu w\u00e4hlen, welches Ihnen und Ihrem Pferd am n\u00e4chsten kommt. Bei den Seminaren wird gro\u00dfen Wert auf wissenschaftlich fundierte Theorie gelegt, welche dann [&hellip;]<\/p>\n","protected":false},"author":1,"featured_media":0,"parent":0,"menu_order":0,"comment_status":"closed","ping_status":"open","template":"template-fullwidth.php","meta":{"footnotes":""},"class_list":["post-16","page","type-page","status-publish","hentry"],"_links":{"self":[{"href":"https:\/\/www.justine-giolbas.de\/index.php?rest_route=\/wp\/v2\/pages\/16","targetHints":{"allow":["GET"]}}],"collection":[{"href":"https:\/\/www.justine-giolbas.de\/index.php?rest_route=\/wp\/v2\/pages"}],"about":[{"href":"https:\/\/www.justine-giolbas.de\/index.php?rest_route=\/wp\/v2\/types\/page"}],"author":[{"embeddable":true,"href":"https:\/\/www.justine-giolbas.de\/index.php?rest_route=\/wp\/v2\/users\/1"}],"replies":[{"embeddable":true,"href":"https:\/\/www.justine-giolbas.de\/index.php?rest_route=%2Fwp%2Fv2%2Fcomments&post=16"}],"version-history":[{"count":22,"href":"https:\/\/www.justine-giolbas.de\/index.php?rest_route=\/wp\/v2\/pages\/16\/revisions"}],"predecessor-version":[{"id":264,"href":"https:\/\/www.justine-giolbas.de\/index.php?rest_route=\/wp\/v2\/pages\/16\/revisions\/264"}],"wp:attachment":[{"href":"https:\/\/www.justine-giolbas.de\/index.php?rest_route=%2Fwp%2Fv2%2Fmedia&parent=16"}],"curies":[{"name":"wp","href":"https:\/\/api.w.org\/{rel}","templated":true}]}}