{"id":12,"date":"2012-09-04T11:54:28","date_gmt":"2012-09-04T09:54:28","guid":{"rendered":"http:\/\/www.justine-giolbas.de\/?page_id=12"},"modified":"2015-08-24T14:15:27","modified_gmt":"2015-08-24T12:15:27","slug":"pferdetraining","status":"publish","type":"page","link":"https:\/\/www.justine-giolbas.de\/?page_id=12","title":{"rendered":"Training"},"content":{"rendered":"<p>Sie m\u00f6chten Ihr Pferd artgerecht ausbilden lassen und\/oder haben eine Problemstellung, die Sie nicht alleine l\u00f6sen k\u00f6nnen? Egal, um was es bei Ihnen und Ihrem Pferd geht, wir finden eine L\u00f6sung.<\/p>\n<p>Kein Pferd m\u00f6chte einen Menschen \u00e4rgern oder ihn verletzen. Es sind unglaublich friedvolle Wesen mit einer sehr ausgepr\u00e4gten sozialen Intelligenz. Aggressivit\u00e4t oder absichtliche Zuwiderhandlungen der Tiere geh\u00f6ren nicht zu den \u201enormalen\u201c Verhaltensweisen, sondern resultieren oft aus schlechten Erlebnissen oder Situationen, die noch nicht erlernt oder verstanden wurden. Es liegt an uns, den Pferden unsere Welt begreiflich und in ihrer Sprache verst\u00e4ndlich zu machen!<\/p>\n","protected":false},"excerpt":{"rendered":"<p>Sie m\u00f6chten Ihr Pferd artgerecht ausbilden lassen und\/oder haben eine Problemstellung, die Sie nicht alleine l\u00f6sen k\u00f6nnen? Egal, um was es bei Ihnen und Ihrem Pferd geht, wir finden eine L\u00f6sung. Kein Pferd m\u00f6chte einen Menschen \u00e4rgern oder ihn verletzen. Es sind unglaublich friedvolle Wesen mit einer sehr ausgepr\u00e4gten sozialen Intelligenz. Aggressivit\u00e4t oder absichtliche Zuwiderhandlungen der Tiere geh\u00f6ren nicht zu den \u201enormalen\u201c Verhaltensweisen, sondern resultieren oft aus schlechten Erlebnissen oder Situationen, die noch nicht erlernt oder verstanden wurden. Es liegt an uns, den Pferden unsere Welt begreiflich und in ihrer Sprache verst\u00e4ndlich zu machen!<\/p>\n","protected":false},"author":1,"featured_media":0,"parent":0,"menu_order":0,"comment_status":"closed","ping_status":"open","template":"template-showcase.php","meta":{"footnotes":""},"class_list":["post-12","page","type-page","status-publish","hentry"],"_links":{"self":[{"href":"https:\/\/www.justine-giolbas.de\/index.php?rest_route=\/wp\/v2\/pages\/12","targetHints":{"allow":["GET"]}}],"collection":[{"href":"https:\/\/www.justine-giolbas.de\/index.php?rest_route=\/wp\/v2\/pages"}],"about":[{"href":"https:\/\/www.justine-giolbas.de\/index.php?rest_route=\/wp\/v2\/types\/page"}],"author":[{"embeddable":true,"href":"https:\/\/www.justine-giolbas.de\/index.php?rest_route=\/wp\/v2\/users\/1"}],"replies":[{"embeddable":true,"href":"https:\/\/www.justine-giolbas.de\/index.php?rest_route=%2Fwp%2Fv2%2Fcomments&post=12"}],"version-history":[{"count":19,"href":"https:\/\/www.justine-giolbas.de\/index.php?rest_route=\/wp\/v2\/pages\/12\/revisions"}],"predecessor-version":[{"id":88,"href":"https:\/\/www.justine-giolbas.de\/index.php?rest_route=\/wp\/v2\/pages\/12\/revisions\/88"}],"wp:attachment":[{"href":"https:\/\/www.justine-giolbas.de\/index.php?rest_route=%2Fwp%2Fv2%2Fmedia&parent=12"}],"curies":[{"name":"wp","href":"https:\/\/api.w.org\/{rel}","templated":true}]}}