{"id":10,"date":"2012-09-04T11:54:17","date_gmt":"2012-09-04T09:54:17","guid":{"rendered":"http:\/\/www.justine-giolbas.de\/?page_id=10"},"modified":"2013-04-19T09:55:30","modified_gmt":"2013-04-19T07:55:30","slug":"philosophie","status":"publish","type":"page","link":"https:\/\/www.justine-giolbas.de\/?page_id=10","title":{"rendered":"Philosophie"},"content":{"rendered":"<h2>Hinsehen statt Zusehen.<\/h2>\n<p>Pferde sind nicht daf\u00fcr gemacht oder daf\u00fcr geboren worden, um uns auf ihrem R\u00fccken zu tragen, um \u00fcber einen Hindernisparcour zu springen oder auf Rennbahnen zu laufen. Sie sind aber intelligent genug, um das alles zu lernen und sich den Gegebenheiten anzupassen. Vieles, was wir tun, entspricht nicht ihrer Natur, also ist es unsere Aufgabe, ihnen die Ausbildung so angenehm und artgerecht wie m\u00f6glich zu machen.<\/p>\n<p>Kein Pferd m\u00f6chte einen Menschen \u00e4rgern oder ihn verletzen. Es sind unglaublich friedvolle Wesen mit einer sehr ausgepr\u00e4gten sozialen Intelligenz. Aggressivit\u00e4t oder absichtliche Zuwiderhandlungen der Tiere geh\u00f6ren nicht zu den \u201enormalen\u201c Verhaltensweisen, sondern resultieren oft aus schlechten Erlebnissen oder Situationen, die noch nicht erlernt oder verstanden wurden. Es liegt an uns, den Pferden unsere Welt begreiflich und in seiner Sprache verst\u00e4ndlich zu machen!<\/p>\n<p>Es braucht Zeit und offenes Denken, um in diese lautlose Welt einzutauchen und unsere Pferde einmal wirklich wahrzunehmen.<\/p>\n","protected":false},"excerpt":{"rendered":"<p>Hinsehen statt Zusehen. Pferde sind nicht daf\u00fcr gemacht oder daf\u00fcr geboren worden, um uns auf ihrem R\u00fccken zu tragen, um \u00fcber einen Hindernisparcour zu springen oder auf Rennbahnen zu laufen. Sie sind aber intelligent genug, um das alles zu lernen und sich den Gegebenheiten anzupassen. Vieles, was wir tun, entspricht nicht ihrer Natur, also ist es unsere Aufgabe, ihnen die Ausbildung so angenehm und artgerecht wie m\u00f6glich zu machen. Kein Pferd m\u00f6chte einen Menschen \u00e4rgern oder ihn verletzen. Es sind unglaublich friedvolle Wesen mit einer sehr ausgepr\u00e4gten sozialen Intelligenz. Aggressivit\u00e4t oder absichtliche Zuwiderhandlungen der Tiere geh\u00f6ren nicht zu den \u201enormalen\u201c [&hellip;]<\/p>\n","protected":false},"author":1,"featured_media":0,"parent":0,"menu_order":0,"comment_status":"closed","ping_status":"open","template":"template-fullwidth.php","meta":{"footnotes":""},"class_list":["post-10","page","type-page","status-publish","hentry"],"_links":{"self":[{"href":"https:\/\/www.justine-giolbas.de\/index.php?rest_route=\/wp\/v2\/pages\/10","targetHints":{"allow":["GET"]}}],"collection":[{"href":"https:\/\/www.justine-giolbas.de\/index.php?rest_route=\/wp\/v2\/pages"}],"about":[{"href":"https:\/\/www.justine-giolbas.de\/index.php?rest_route=\/wp\/v2\/types\/page"}],"author":[{"embeddable":true,"href":"https:\/\/www.justine-giolbas.de\/index.php?rest_route=\/wp\/v2\/users\/1"}],"replies":[{"embeddable":true,"href":"https:\/\/www.justine-giolbas.de\/index.php?rest_route=%2Fwp%2Fv2%2Fcomments&post=10"}],"version-history":[{"count":8,"href":"https:\/\/www.justine-giolbas.de\/index.php?rest_route=\/wp\/v2\/pages\/10\/revisions"}],"predecessor-version":[{"id":107,"href":"https:\/\/www.justine-giolbas.de\/index.php?rest_route=\/wp\/v2\/pages\/10\/revisions\/107"}],"wp:attachment":[{"href":"https:\/\/www.justine-giolbas.de\/index.php?rest_route=%2Fwp%2Fv2%2Fmedia&parent=10"}],"curies":[{"name":"wp","href":"https:\/\/api.w.org\/{rel}","templated":true}]}}